{"id":565,"date":"2016-09-08T16:33:56","date_gmt":"2016-09-08T14:33:56","guid":{"rendered":"http:\/\/www.comptoirvignobles.com\/dev\/en\/vendez-vos-vins\/"},"modified":"2017-07-13T17:45:21","modified_gmt":"2017-07-13T15:45:21","slug":"vendez-vos-vins","status":"publish","type":"page","link":"https:\/\/www.comptoirvignobles.com\/en\/vendez-vos-vins\/","title":{"rendered":"Sell your wines"},"content":{"rendered":"<p><strong>At Comptoir des Vignobles\u00a0we may be interested in buying from you if you have some exceptional wine in your cellar!<\/strong><\/p>\n<p><strong>We offer commitment-free, complimentary valuations on any wine you may wish to sell.<\/strong><\/p>\n<p>&nbsp;<\/p>\n<p>Please fill in below, or join us directly at + 33 (0) 557 246 110.<\/p>\n<p>Our experience of 30 years in purchase and sell gave us a strong database.<\/p>\n<p>We pay you directly without any fees (average of 20% in auctions) from reception and after check of the bottles by cheque or wire transfer.<\/p>\n<p>Please fill in the form below, or call us directly on + 33 (0) 557 246 110.<\/p>\n<p>With over 30 years of experience in buying and selling wine, we have developed an extensive and reliable database.<\/p>\n<p>We pay you securely (by cheque or bank transfer) immediately after having received and checked the wines. We will also not charge any commission (which typically averages 20% for auction sales elsewhere).<\/p>\n\n<div class=\"wpcf7 no-js\" id=\"wpcf7-f237-o1\" lang=\"fr-FR\" dir=\"ltr\">\n<div class=\"screen-reader-response\"><p role=\"status\" aria-live=\"polite\" aria-atomic=\"true\"><\/p> <ul><\/ul><\/div>\n<form action=\"\/en\/wp-json\/wp\/v2\/pages\/565#wpcf7-f237-o1\" method=\"post\" class=\"wpcf7-form init\" aria-label=\"Formulaire de contact\" novalidate=\"novalidate\" data-status=\"init\">\n<div style=\"display: none;\">\n<input type=\"hidden\" name=\"_wpcf7\" value=\"237\" \/>\n<input type=\"hidden\" name=\"_wpcf7_version\" value=\"5.7.7\" \/>\n<input type=\"hidden\" name=\"_wpcf7_locale\" value=\"fr_FR\" \/>\n<input type=\"hidden\" name=\"_wpcf7_unit_tag\" value=\"wpcf7-f237-o1\" \/>\n<input type=\"hidden\" name=\"_wpcf7_container_post\" value=\"0\" \/>\n<input type=\"hidden\" name=\"_wpcf7_posted_data_hash\" value=\"\" \/>\n<input type=\"hidden\" name=\"_wpcf7_recaptcha_response\" value=\"\" \/>\n<\/div>\n<p><span class=\"wpcf7-form-control-wrap\" data-name=\"prenom\"><input size=\"40\" class=\"wpcf7-form-control wpcf7-text wpcf7-validates-as-required\" aria-required=\"true\" aria-invalid=\"false\" placeholder=\"Pr\u00e9nom\" value=\"\" type=\"text\" name=\"prenom\" \/><\/span><br \/>\n<span class=\"wpcf7-form-control-wrap\" data-name=\"nom\"><input size=\"40\" class=\"wpcf7-form-control wpcf7-text wpcf7-validates-as-required\" aria-required=\"true\" aria-invalid=\"false\" placeholder=\"Nom\" value=\"\" type=\"text\" name=\"nom\" \/><\/span><br \/>\n<span class=\"wpcf7-form-control-wrap\" data-name=\"telephone\"><input size=\"40\" class=\"wpcf7-form-control wpcf7-text wpcf7-tel wpcf7-validates-as-required wpcf7-validates-as-tel\" aria-required=\"true\" aria-invalid=\"false\" placeholder=\"T\u00e9l\u00e9phone\" value=\"\" type=\"tel\" name=\"telephone\" \/><\/span><br \/>\n<span class=\"wpcf7-form-control-wrap\" data-name=\"email\"><input size=\"40\" class=\"wpcf7-form-control wpcf7-text wpcf7-email wpcf7-validates-as-required wpcf7-validates-as-email\" aria-required=\"true\" aria-invalid=\"false\" placeholder=\"E-mail\" value=\"\" type=\"email\" name=\"email\" \/><\/span><br \/>\n<span class=\"wpcf7-form-control-wrap\" data-name=\"message\"><textarea cols=\"40\" rows=\"10\" class=\"wpcf7-form-control wpcf7-textarea wpcf7-validates-as-required\" aria-required=\"true\" aria-invalid=\"false\" placeholder=\"Message\" name=\"message\"><\/textarea><\/span><br \/>\n<input class=\"wpcf7-form-control has-spinner wpcf7-submit\" type=\"submit\" value=\"Envoyer le message\" \/>\n<\/p><div class=\"wpcf7-response-output\" aria-hidden=\"true\"><\/div>\n<\/form>\n<\/div>\n\n","protected":false},"excerpt":{"rendered":"<p>At Comptoir des Vignobles\u00a0we may be interested in buying from you if you have some exceptional wine in your cellar! We offer commitment-free, complimentary valuations on any wine you may wish to sell. &nbsp; Please fill in below, or join us directly at + 33 (0) 557 246 110. Our experience of 30 years in [&hellip;]<\/p>\n","protected":false},"author":1,"featured_media":0,"parent":0,"menu_order":0,"comment_status":"closed","ping_status":"closed","template":"","meta":[],"yoast_head":"<!-- This site is optimized with the Yoast SEO plugin v19.2 - https:\/\/yoast.com\/wordpress\/plugins\/seo\/ -->\n<title>Sell your wines - Comptoir Des Vignobles<\/title>\n<meta name=\"robots\" content=\"index, follow, max-snippet:-1, max-image-preview:large, max-video-preview:-1\" \/>\n<link rel=\"canonical\" href=\"https:\/\/www.comptoirvignobles.com\/en\/vendez-vos-vins\/\" \/>\n<meta property=\"og:locale\" content=\"en_US\" \/>\n<meta property=\"og:type\" content=\"article\" \/>\n<meta property=\"og:title\" content=\"Sell your wines - Comptoir Des Vignobles\" \/>\n<meta property=\"og:description\" content=\"At Comptoir des Vignobles\u00a0we may be interested in buying from you if you have some exceptional wine in your cellar! We offer commitment-free, complimentary valuations on any wine you may wish to sell. &nbsp; Please fill in below, or join us directly at + 33 (0) 557 246 110. Our experience of 30 years in [&hellip;]\" \/>\n<meta property=\"og:url\" content=\"https:\/\/www.comptoirvignobles.com\/en\/vendez-vos-vins\/\" \/>\n<meta property=\"og:site_name\" content=\"Comptoir Des Vignobles\" \/>\n<meta property=\"article:publisher\" content=\"https:\/\/fr-fr.facebook.com\/ComptoirDesVignobles\/\" \/>\n<meta property=\"article:modified_time\" content=\"2017-07-13T15:45:21+00:00\" \/>\n<meta name=\"author\" content=\"cdv\" \/>\n<meta name=\"twitter:card\" content=\"summary\" \/>\n<meta name=\"twitter:label1\" content=\"Est. reading time\" \/>\n\t<meta name=\"twitter:data1\" content=\"1 minute\" \/>\n<script type=\"application\/ld+json\" class=\"yoast-schema-graph\">{\"@context\":\"https:\/\/schema.org\",\"@graph\":[{\"@type\":\"Organization\",\"@id\":\"https:\/\/www.comptoirvignobles.com\/#organization\",\"name\":\"Comptoir Des Vignobles\",\"url\":\"https:\/\/www.comptoirvignobles.com\/\",\"sameAs\":[\"https:\/\/fr-fr.facebook.com\/ComptoirDesVignobles\/\"],\"logo\":{\"@type\":\"ImageObject\",\"inLanguage\":\"en-US\",\"@id\":\"https:\/\/www.comptoirvignobles.com\/#\/schema\/logo\/image\/\",\"url\":\"http:\/\/www.comptoirvignobles.com\/wp-content\/uploads\/2016\/09\/logo.png\",\"contentUrl\":\"http:\/\/www.comptoirvignobles.com\/wp-content\/uploads\/2016\/09\/logo.png\",\"width\":478,\"height\":243,\"caption\":\"Comptoir Des Vignobles\"},\"image\":{\"@id\":\"https:\/\/www.comptoirvignobles.com\/#\/schema\/logo\/image\/\"}},{\"@type\":\"WebSite\",\"@id\":\"https:\/\/www.comptoirvignobles.com\/#website\",\"url\":\"https:\/\/www.comptoirvignobles.com\/\",\"name\":\"Comptoir Des Vignobles\",\"description\":\"N\u00e9gociant en vin fond\u00e9 en 1986 et caviste \u00e0 Saint-Emilion, sp\u00e9cialis\u00e9 dans les vieux mill\u00e9simes.\",\"publisher\":{\"@id\":\"https:\/\/www.comptoirvignobles.com\/#organization\"},\"potentialAction\":[{\"@type\":\"SearchAction\",\"target\":{\"@type\":\"EntryPoint\",\"urlTemplate\":\"https:\/\/www.comptoirvignobles.com\/?s={search_term_string}\"},\"query-input\":\"required name=search_term_string\"}],\"inLanguage\":\"en-US\"},{\"@type\":\"WebPage\",\"@id\":\"https:\/\/www.comptoirvignobles.com\/en\/vendez-vos-vins\/#webpage\",\"url\":\"https:\/\/www.comptoirvignobles.com\/en\/vendez-vos-vins\/\",\"name\":\"Sell your wines - Comptoir Des Vignobles\",\"isPartOf\":{\"@id\":\"https:\/\/www.comptoirvignobles.com\/#website\"},\"datePublished\":\"2016-09-08T14:33:56+00:00\",\"dateModified\":\"2017-07-13T15:45:21+00:00\",\"breadcrumb\":{\"@id\":\"https:\/\/www.comptoirvignobles.com\/en\/vendez-vos-vins\/#breadcrumb\"},\"inLanguage\":\"en-US\",\"potentialAction\":[{\"@type\":\"ReadAction\",\"target\":[\"https:\/\/www.comptoirvignobles.com\/en\/vendez-vos-vins\/\"]}]},{\"@type\":\"BreadcrumbList\",\"@id\":\"https:\/\/www.comptoirvignobles.com\/en\/vendez-vos-vins\/#breadcrumb\",\"itemListElement\":[{\"@type\":\"ListItem\",\"position\":1,\"name\":\"Home\",\"item\":\"https:\/\/www.comptoirvignobles.com\/en\/\"},{\"@type\":\"ListItem\",\"position\":2,\"name\":\"Sell your wines\"}]}]}<\/script>\n<!-- \/ Yoast SEO plugin. -->","yoast_head_json":{"title":"Sell your wines - Comptoir Des Vignobles","robots":{"index":"index","follow":"follow","max-snippet":"max-snippet:-1","max-image-preview":"max-image-preview:large","max-video-preview":"max-video-preview:-1"},"canonical":"https:\/\/www.comptoirvignobles.com\/en\/vendez-vos-vins\/","og_locale":"en_US","og_type":"article","og_title":"Sell your wines - Comptoir Des Vignobles","og_description":"At Comptoir des Vignobles\u00a0we may be interested in buying from you if you have some exceptional wine in your cellar! We offer commitment-free, complimentary valuations on any wine you may wish to sell. &nbsp; Please fill in below, or join us directly at + 33 (0) 557 246 110. Our experience of 30 years in [&hellip;]","og_url":"https:\/\/www.comptoirvignobles.com\/en\/vendez-vos-vins\/","og_site_name":"Comptoir Des Vignobles","article_publisher":"https:\/\/fr-fr.facebook.com\/ComptoirDesVignobles\/","article_modified_time":"2017-07-13T15:45:21+00:00","author":"cdv","twitter_card":"summary","twitter_misc":{"Est. reading time":"1 minute"},"schema":{"@context":"https:\/\/schema.org","@graph":[{"@type":"Organization","@id":"https:\/\/www.comptoirvignobles.com\/#organization","name":"Comptoir Des Vignobles","url":"https:\/\/www.comptoirvignobles.com\/","sameAs":["https:\/\/fr-fr.facebook.com\/ComptoirDesVignobles\/"],"logo":{"@type":"ImageObject","inLanguage":"en-US","@id":"https:\/\/www.comptoirvignobles.com\/#\/schema\/logo\/image\/","url":"http:\/\/www.comptoirvignobles.com\/wp-content\/uploads\/2016\/09\/logo.png","contentUrl":"http:\/\/www.comptoirvignobles.com\/wp-content\/uploads\/2016\/09\/logo.png","width":478,"height":243,"caption":"Comptoir Des Vignobles"},"image":{"@id":"https:\/\/www.comptoirvignobles.com\/#\/schema\/logo\/image\/"}},{"@type":"WebSite","@id":"https:\/\/www.comptoirvignobles.com\/#website","url":"https:\/\/www.comptoirvignobles.com\/","name":"Comptoir Des Vignobles","description":"N\u00e9gociant en vin fond\u00e9 en 1986 et caviste \u00e0 Saint-Emilion, sp\u00e9cialis\u00e9 dans les vieux mill\u00e9simes.","publisher":{"@id":"https:\/\/www.comptoirvignobles.com\/#organization"},"potentialAction":[{"@type":"SearchAction","target":{"@type":"EntryPoint","urlTemplate":"https:\/\/www.comptoirvignobles.com\/?s={search_term_string}"},"query-input":"required name=search_term_string"}],"inLanguage":"en-US"},{"@type":"WebPage","@id":"https:\/\/www.comptoirvignobles.com\/en\/vendez-vos-vins\/#webpage","url":"https:\/\/www.comptoirvignobles.com\/en\/vendez-vos-vins\/","name":"Sell your wines - Comptoir Des Vignobles","isPartOf":{"@id":"https:\/\/www.comptoirvignobles.com\/#website"},"datePublished":"2016-09-08T14:33:56+00:00","dateModified":"2017-07-13T15:45:21+00:00","breadcrumb":{"@id":"https:\/\/www.comptoirvignobles.com\/en\/vendez-vos-vins\/#breadcrumb"},"inLanguage":"en-US","potentialAction":[{"@type":"ReadAction","target":["https:\/\/www.comptoirvignobles.com\/en\/vendez-vos-vins\/"]}]},{"@type":"BreadcrumbList","@id":"https:\/\/www.comptoirvignobles.com\/en\/vendez-vos-vins\/#breadcrumb","itemListElement":[{"@type":"ListItem","position":1,"name":"Home","item":"https:\/\/www.comptoirvignobles.com\/en\/"},{"@type":"ListItem","position":2,"name":"Sell your wines"}]}]}},"_links":{"self":[{"href":"https:\/\/www.comptoirvignobles.com\/en\/wp-json\/wp\/v2\/pages\/565"}],"collection":[{"href":"https:\/\/www.comptoirvignobles.com\/en\/wp-json\/wp\/v2\/pages"}],"about":[{"href":"https:\/\/www.comptoirvignobles.com\/en\/wp-json\/wp\/v2\/types\/page"}],"author":[{"embeddable":true,"href":"https:\/\/www.comptoirvignobles.com\/en\/wp-json\/wp\/v2\/users\/1"}],"replies":[{"embeddable":true,"href":"https:\/\/www.comptoirvignobles.com\/en\/wp-json\/wp\/v2\/comments?post=565"}],"version-history":[{"count":3,"href":"https:\/\/www.comptoirvignobles.com\/en\/wp-json\/wp\/v2\/pages\/565\/revisions"}],"predecessor-version":[{"id":1345,"href":"https:\/\/www.comptoirvignobles.com\/en\/wp-json\/wp\/v2\/pages\/565\/revisions\/1345"}],"wp:attachment":[{"href":"https:\/\/www.comptoirvignobles.com\/en\/wp-json\/wp\/v2\/media?parent=565"}],"curies":[{"name":"wp","href":"https:\/\/api.w.org\/{rel}","templated":true}]}}