{"id":562,"date":"2016-09-08T15:57:27","date_gmt":"2016-09-08T13:57:27","guid":{"rendered":"http:\/\/www.comptoirvignobles.com\/dev\/en\/newsletter\/"},"modified":"2017-02-04T18:15:52","modified_gmt":"2017-02-04T17:15:52","slug":"newsletter","status":"publish","type":"page","link":"https:\/\/www.comptoirvignobles.com\/en\/newsletter\/","title":{"rendered":"Newsletter"},"content":{"rendered":"<script>(function() {\n\twindow.mc4wp = window.mc4wp || {\n\t\tlisteners: [],\n\t\tforms: {\n\t\t\ton: function(evt, cb) {\n\t\t\t\twindow.mc4wp.listeners.push(\n\t\t\t\t\t{\n\t\t\t\t\t\tevent   : evt,\n\t\t\t\t\t\tcallback: cb\n\t\t\t\t\t}\n\t\t\t\t);\n\t\t\t}\n\t\t}\n\t}\n})();\n<\/script><!-- Mailchimp for WordPress v4.9.10 - https:\/\/wordpress.org\/plugins\/mailchimp-for-wp\/ --><form id=\"mc4wp-form-1\" class=\"mc4wp-form mc4wp-form-350\" method=\"post\" data-id=\"350\" data-name=\"Newsletter\" ><div class=\"mc4wp-form-fields\"><p>\r\n\t<input type=\"email\" name=\"EMAIL\" placeholder=\"Votre adresse mail\" required \/>\r\n<\/p>\r\n\r\n<p>\r\n\t<input type=\"submit\" value=\"Abonnez-vous\" \/>\r\n<\/p><\/div><label style=\"display: none !important;\">Leave this field empty if you're human: <input type=\"text\" name=\"_mc4wp_honeypot\" value=\"\" tabindex=\"-1\" autocomplete=\"off\" \/><\/label><input type=\"hidden\" name=\"_mc4wp_timestamp\" value=\"1777570480\" \/><input type=\"hidden\" name=\"_mc4wp_form_id\" value=\"350\" \/><input type=\"hidden\" name=\"_mc4wp_form_element_id\" value=\"mc4wp-form-1\" \/><div class=\"mc4wp-response\"><\/div><\/form><!-- \/ Mailchimp for WordPress Plugin -->\n<p>Subscribe to our newsletter and discover our latest and special offers !<\/p>\n<p>&nbsp;<\/p>\n<p>&nbsp;<\/p>\n<p>&nbsp;<\/p>\n<p>&nbsp;<\/p>\n","protected":false},"excerpt":{"rendered":"<p>Subscribe to our newsletter and discover our latest and special offers ! &nbsp; &nbsp; &nbsp; &nbsp;<\/p>\n","protected":false},"author":1,"featured_media":0,"parent":0,"menu_order":0,"comment_status":"closed","ping_status":"closed","template":"","meta":[],"yoast_head":"<!-- This site is optimized with the Yoast SEO plugin v19.2 - https:\/\/yoast.com\/wordpress\/plugins\/seo\/ -->\n<title>Newsletter - Comptoir Des Vignobles<\/title>\n<meta name=\"robots\" content=\"index, follow, max-snippet:-1, max-image-preview:large, max-video-preview:-1\" \/>\n<link rel=\"canonical\" href=\"https:\/\/www.comptoirvignobles.com\/en\/newsletter\/\" \/>\n<meta property=\"og:locale\" content=\"en_US\" \/>\n<meta property=\"og:type\" content=\"article\" \/>\n<meta property=\"og:title\" content=\"Newsletter - Comptoir Des Vignobles\" \/>\n<meta property=\"og:description\" content=\"Subscribe to our newsletter and discover our latest and special offers ! &nbsp; &nbsp; &nbsp; &nbsp;\" \/>\n<meta property=\"og:url\" content=\"https:\/\/www.comptoirvignobles.com\/en\/newsletter\/\" \/>\n<meta property=\"og:site_name\" content=\"Comptoir Des Vignobles\" \/>\n<meta property=\"article:publisher\" content=\"https:\/\/fr-fr.facebook.com\/ComptoirDesVignobles\/\" \/>\n<meta property=\"article:modified_time\" content=\"2017-02-04T17:15:52+00:00\" \/>\n<meta name=\"author\" content=\"cdv\" \/>\n<meta name=\"twitter:card\" content=\"summary\" \/>\n<script type=\"application\/ld+json\" class=\"yoast-schema-graph\">{\"@context\":\"https:\/\/schema.org\",\"@graph\":[{\"@type\":\"Organization\",\"@id\":\"https:\/\/www.comptoirvignobles.com\/#organization\",\"name\":\"Comptoir Des Vignobles\",\"url\":\"https:\/\/www.comptoirvignobles.com\/\",\"sameAs\":[\"https:\/\/fr-fr.facebook.com\/ComptoirDesVignobles\/\"],\"logo\":{\"@type\":\"ImageObject\",\"inLanguage\":\"en-US\",\"@id\":\"https:\/\/www.comptoirvignobles.com\/#\/schema\/logo\/image\/\",\"url\":\"http:\/\/www.comptoirvignobles.com\/wp-content\/uploads\/2016\/09\/logo.png\",\"contentUrl\":\"http:\/\/www.comptoirvignobles.com\/wp-content\/uploads\/2016\/09\/logo.png\",\"width\":478,\"height\":243,\"caption\":\"Comptoir Des Vignobles\"},\"image\":{\"@id\":\"https:\/\/www.comptoirvignobles.com\/#\/schema\/logo\/image\/\"}},{\"@type\":\"WebSite\",\"@id\":\"https:\/\/www.comptoirvignobles.com\/#website\",\"url\":\"https:\/\/www.comptoirvignobles.com\/\",\"name\":\"Comptoir Des Vignobles\",\"description\":\"N\u00e9gociant en vin fond\u00e9 en 1986 et caviste \u00e0 Saint-Emilion, sp\u00e9cialis\u00e9 dans les vieux mill\u00e9simes.\",\"publisher\":{\"@id\":\"https:\/\/www.comptoirvignobles.com\/#organization\"},\"potentialAction\":[{\"@type\":\"SearchAction\",\"target\":{\"@type\":\"EntryPoint\",\"urlTemplate\":\"https:\/\/www.comptoirvignobles.com\/?s={search_term_string}\"},\"query-input\":\"required name=search_term_string\"}],\"inLanguage\":\"en-US\"},{\"@type\":\"WebPage\",\"@id\":\"https:\/\/www.comptoirvignobles.com\/en\/newsletter\/#webpage\",\"url\":\"https:\/\/www.comptoirvignobles.com\/en\/newsletter\/\",\"name\":\"Newsletter - Comptoir Des Vignobles\",\"isPartOf\":{\"@id\":\"https:\/\/www.comptoirvignobles.com\/#website\"},\"datePublished\":\"2016-09-08T13:57:27+00:00\",\"dateModified\":\"2017-02-04T17:15:52+00:00\",\"breadcrumb\":{\"@id\":\"https:\/\/www.comptoirvignobles.com\/en\/newsletter\/#breadcrumb\"},\"inLanguage\":\"en-US\",\"potentialAction\":[{\"@type\":\"ReadAction\",\"target\":[\"https:\/\/www.comptoirvignobles.com\/en\/newsletter\/\"]}]},{\"@type\":\"BreadcrumbList\",\"@id\":\"https:\/\/www.comptoirvignobles.com\/en\/newsletter\/#breadcrumb\",\"itemListElement\":[{\"@type\":\"ListItem\",\"position\":1,\"name\":\"Home\",\"item\":\"https:\/\/www.comptoirvignobles.com\/en\/\"},{\"@type\":\"ListItem\",\"position\":2,\"name\":\"Newsletter\"}]}]}<\/script>\n<!-- \/ Yoast SEO plugin. -->","yoast_head_json":{"title":"Newsletter - Comptoir Des Vignobles","robots":{"index":"index","follow":"follow","max-snippet":"max-snippet:-1","max-image-preview":"max-image-preview:large","max-video-preview":"max-video-preview:-1"},"canonical":"https:\/\/www.comptoirvignobles.com\/en\/newsletter\/","og_locale":"en_US","og_type":"article","og_title":"Newsletter - Comptoir Des Vignobles","og_description":"Subscribe to our newsletter and discover our latest and special offers ! &nbsp; &nbsp; &nbsp; &nbsp;","og_url":"https:\/\/www.comptoirvignobles.com\/en\/newsletter\/","og_site_name":"Comptoir Des Vignobles","article_publisher":"https:\/\/fr-fr.facebook.com\/ComptoirDesVignobles\/","article_modified_time":"2017-02-04T17:15:52+00:00","author":"cdv","twitter_card":"summary","schema":{"@context":"https:\/\/schema.org","@graph":[{"@type":"Organization","@id":"https:\/\/www.comptoirvignobles.com\/#organization","name":"Comptoir Des Vignobles","url":"https:\/\/www.comptoirvignobles.com\/","sameAs":["https:\/\/fr-fr.facebook.com\/ComptoirDesVignobles\/"],"logo":{"@type":"ImageObject","inLanguage":"en-US","@id":"https:\/\/www.comptoirvignobles.com\/#\/schema\/logo\/image\/","url":"http:\/\/www.comptoirvignobles.com\/wp-content\/uploads\/2016\/09\/logo.png","contentUrl":"http:\/\/www.comptoirvignobles.com\/wp-content\/uploads\/2016\/09\/logo.png","width":478,"height":243,"caption":"Comptoir Des Vignobles"},"image":{"@id":"https:\/\/www.comptoirvignobles.com\/#\/schema\/logo\/image\/"}},{"@type":"WebSite","@id":"https:\/\/www.comptoirvignobles.com\/#website","url":"https:\/\/www.comptoirvignobles.com\/","name":"Comptoir Des Vignobles","description":"N\u00e9gociant en vin fond\u00e9 en 1986 et caviste \u00e0 Saint-Emilion, sp\u00e9cialis\u00e9 dans les vieux mill\u00e9simes.","publisher":{"@id":"https:\/\/www.comptoirvignobles.com\/#organization"},"potentialAction":[{"@type":"SearchAction","target":{"@type":"EntryPoint","urlTemplate":"https:\/\/www.comptoirvignobles.com\/?s={search_term_string}"},"query-input":"required name=search_term_string"}],"inLanguage":"en-US"},{"@type":"WebPage","@id":"https:\/\/www.comptoirvignobles.com\/en\/newsletter\/#webpage","url":"https:\/\/www.comptoirvignobles.com\/en\/newsletter\/","name":"Newsletter - Comptoir Des Vignobles","isPartOf":{"@id":"https:\/\/www.comptoirvignobles.com\/#website"},"datePublished":"2016-09-08T13:57:27+00:00","dateModified":"2017-02-04T17:15:52+00:00","breadcrumb":{"@id":"https:\/\/www.comptoirvignobles.com\/en\/newsletter\/#breadcrumb"},"inLanguage":"en-US","potentialAction":[{"@type":"ReadAction","target":["https:\/\/www.comptoirvignobles.com\/en\/newsletter\/"]}]},{"@type":"BreadcrumbList","@id":"https:\/\/www.comptoirvignobles.com\/en\/newsletter\/#breadcrumb","itemListElement":[{"@type":"ListItem","position":1,"name":"Home","item":"https:\/\/www.comptoirvignobles.com\/en\/"},{"@type":"ListItem","position":2,"name":"Newsletter"}]}]}},"_links":{"self":[{"href":"https:\/\/www.comptoirvignobles.com\/en\/wp-json\/wp\/v2\/pages\/562"}],"collection":[{"href":"https:\/\/www.comptoirvignobles.com\/en\/wp-json\/wp\/v2\/pages"}],"about":[{"href":"https:\/\/www.comptoirvignobles.com\/en\/wp-json\/wp\/v2\/types\/page"}],"author":[{"embeddable":true,"href":"https:\/\/www.comptoirvignobles.com\/en\/wp-json\/wp\/v2\/users\/1"}],"replies":[{"embeddable":true,"href":"https:\/\/www.comptoirvignobles.com\/en\/wp-json\/wp\/v2\/comments?post=562"}],"version-history":[{"count":2,"href":"https:\/\/www.comptoirvignobles.com\/en\/wp-json\/wp\/v2\/pages\/562\/revisions"}],"predecessor-version":[{"id":1283,"href":"https:\/\/www.comptoirvignobles.com\/en\/wp-json\/wp\/v2\/pages\/562\/revisions\/1283"}],"wp:attachment":[{"href":"https:\/\/www.comptoirvignobles.com\/en\/wp-json\/wp\/v2\/media?parent=562"}],"curies":[{"name":"wp","href":"https:\/\/api.w.org\/{rel}","templated":true}]}}