{"id":556,"date":"2016-10-05T20:39:35","date_gmt":"2016-10-05T18:39:35","guid":{"rendered":"http:\/\/www.comptoirvignobles.com\/dev\/en\/collections\/mouton\/"},"modified":"2020-05-21T15:53:18","modified_gmt":"2020-05-21T13:53:18","slug":"mouton","status":"publish","type":"page","link":"https:\/\/www.comptoirvignobles.com\/en\/collections\/mouton\/","title":{"rendered":"Mouton"},"content":{"rendered":"<p>&nbsp;<\/p>\n<p><img loading=\"lazy\" class=\"alignnone wp-image-1123\" src=\"http:\/\/www.comptoirvignobles.com\/dev\/wp-content\/uploads\/2016\/10\/bouteilles-mouton-logo-1.jpg\" alt=\"bouteilles-mouton-logo\" width=\"900\" height=\"523\" srcset=\"https:\/\/www.comptoirvignobles.com\/wp-content\/uploads\/2016\/10\/bouteilles-mouton-logo-1.jpg 4472w, https:\/\/www.comptoirvignobles.com\/wp-content\/uploads\/2016\/10\/bouteilles-mouton-logo-1-300x174.jpg 300w, https:\/\/www.comptoirvignobles.com\/wp-content\/uploads\/2016\/10\/bouteilles-mouton-logo-1-768x446.jpg 768w, https:\/\/www.comptoirvignobles.com\/wp-content\/uploads\/2016\/10\/bouteilles-mouton-logo-1-1024x595.jpg 1024w\" sizes=\"(max-width: 900px) 100vw, 900px\" \/><\/p>\n<p><span style=\"text-decoration: underline;\"><strong>First I am, Second I used to be, Mouton doesn\u2019t change<\/strong><\/span><\/p>\n<p>This sentence perfectly sums up the story of this estate and the place it holds today alongside Bordeaux best wines.<\/p>\n<p>Mouton is the only estate to have been reclassified in 1855, benefitting from an outstanding \u2018terroir\u2019 blending gravel, stones and pebbles over its 180 acres in Pauillac.<\/p>\n<p>The Mouton Rothschild Estate has moved through the decades gracefully since its original acquisition in 1853 by Baron Nathana\u00ebl de ROTHSCHILD.\u00a0 Important changes to production were however made in 1924, when his successor and great grandson, Baron Philippe de ROTHSCHILD, transferred all bottling operations in-house and on-site. That same year, the Baron also collaborated with Jean CARLU on a first attempt at illustrating the label for that year\u2019s vintage.<\/p>\n<p>The Baron, a trailblazer and art enthusiast, decided to commission artists to create a new label illustration for each vintage from 1945 onwards.<\/p>\n<p>In 1988, the Baron was succeeded by his daughter, Baroness Philippine de ROTHSCHILD, who \u00a0continued her father\u2019s work, overseeing all modernization of the estate until 2014 \u2013her last vintage<\/p>\n<p>The renowned artist David HOCKNEY, a personal friend of the Baronness, paid homage to her with a special label he personally designed to commemorate\u00a0 the Mouton Rothchild 2014 vintage.<\/p>\n<p>Today, her children, \u00a0<strong>Camille de Sereys de ROTHSCHILD<\/strong>,\u00a0<strong>Philippe de Sereys de ROTHSCHILD<\/strong>\u00a0(the vineyard\u2019s President) and\u00a0<strong>Julien de Beaumarchais de<\/strong>\u00a0<strong>ROTHSCHILD<\/strong>\u00a0 are co-owners, continuing the family tradition .<\/p>\n<p>At Comptoir des Vignobles, our Mouton Rothschild Collection starts with the outstanding 1945 vintage, carrying a \u00a0\u2018V\u2019 for Victory on the label. We then hold every vintage from 1945 until 2014, each bottle highlighting the works of famous painters such as Miro, Braque, Chagall, Picasso, Warhol, Bacon, Dali, Koons.<\/p>\n<p>&nbsp;<\/p>\n<p>&nbsp;<\/p>\n<p>&nbsp;<\/p>\n<p><strong><u>Our Mouton Rothschild Collections<\/u><\/strong><\/p>\n<p><em><strong>Full Collection from 1945 to 2017 including the 2 versions of the 1978 (RIOPELLE) and the 1993 (BALTHUS). <\/strong><\/em><\/p>\n<p><em><strong>Full Collection\u00a0 from 1976 to 2017 including the 2 versions of the 1978 (RIOPELLE) and the 1993 (BALTHUS) <\/strong><\/em><\/p>\n<p><em><strong>Full Collection from 1979 to 2014\u00a0 including the 1993 (BALTHUS). <\/strong><\/em><\/p>\n<p><strong><u>Interesting Facts<\/u><\/strong><\/p>\n<p>The spectacular \u2018Grand Chai\u2019 (Great Barrel Hall) at Mouton was created by Charles Siclis and is 100 metres long<\/p>\n<p>Creation of the Grand Chai of 100 metre-long by Charles Siclis<\/p>\n<p>Impulsed by the Baronness Pauline, a Wine Museum is inaugurated in 1962 by Andr\u00e9 Malraux<\/p>\n<p>Created in a former barrel hall on the Estate, the \u2018Museum of Wine in Art\u2019 was an initiative of Baronness Pauline (wife of Baron Philippe de Rothschild) and was inaugurated by Andr\u00e9 Malraux in 1962.<\/p>\n<p><em>Source: http:\/\/www.telegraph.co.uk\/sponsored\/foodanddrink\/bordeaux-food-wine-culture\/11193401\/bordeauxs-best-museums.html<\/em><\/p>\n<p>&nbsp;<\/p>\n<p><strong>Wine critic Robert Parker ranks Mouton as one of the best Bordeaux wines. <\/strong><\/p>\n<p>1945 :\u00a0100 points<\/p>\n<p>1947 : 98 points<\/p>\n<p>1949 : 94\u00a0points<\/p>\n<p>1953 : 95 points<\/p>\n<p>1955 : 97 points<\/p>\n<p>1959 : 100 points<\/p>\n<p>1961 : 98 points<\/p>\n<p>1982 :100 points<\/p>\n<p>1986 :100 points<\/p>\n<p>1995 : 95 points<\/p>\n<p>2000 : 96+ points<\/p>\n<p>2005 : 97 points<\/p>\n<p>2009 : 99 points<\/p>\n<p>2010 : 97 + points<\/p>\n<p>2015 : 97-99 points<\/p>\n<p><img loading=\"lazy\" class=\"alignnone wp-image-1124\" src=\"http:\/\/www.comptoirvignobles.com\/dev\/wp-content\/uploads\/2016\/10\/SAM_9024.jpg\" alt=\"mouton\" width=\"900\" height=\"600\" srcset=\"https:\/\/www.comptoirvignobles.com\/wp-content\/uploads\/2016\/10\/SAM_9024.jpg 4931w, https:\/\/www.comptoirvignobles.com\/wp-content\/uploads\/2016\/10\/SAM_9024-300x200.jpg 300w, https:\/\/www.comptoirvignobles.com\/wp-content\/uploads\/2016\/10\/SAM_9024-768x512.jpg 768w, https:\/\/www.comptoirvignobles.com\/wp-content\/uploads\/2016\/10\/SAM_9024-1024x683.jpg 1024w\" sizes=\"(max-width: 900px) 100vw, 900px\" \/><\/p>\n<p>Les ann\u00e9es 2000<\/p>\n","protected":false},"excerpt":{"rendered":"<p>&nbsp; First I am, Second I used to be, Mouton doesn\u2019t change This sentence perfectly sums up the story of this estate and the place it holds today alongside Bordeaux best wines. Mouton is the only estate to have been reclassified in 1855, benefitting from an outstanding \u2018terroir\u2019 blending gravel, stones and pebbles over its [&hellip;]<\/p>\n","protected":false},"author":1,"featured_media":0,"parent":555,"menu_order":0,"comment_status":"closed","ping_status":"closed","template":"","meta":[],"yoast_head":"<!-- This site is optimized with the Yoast SEO plugin v19.2 - https:\/\/yoast.com\/wordpress\/plugins\/seo\/ -->\n<title>Mouton - Comptoir Des Vignobles<\/title>\n<meta name=\"robots\" content=\"index, follow, max-snippet:-1, max-image-preview:large, max-video-preview:-1\" \/>\n<link rel=\"canonical\" href=\"https:\/\/www.comptoirvignobles.com\/en\/collections\/mouton\/\" \/>\n<meta property=\"og:locale\" content=\"en_US\" \/>\n<meta property=\"og:type\" content=\"article\" \/>\n<meta property=\"og:title\" content=\"Mouton - Comptoir Des Vignobles\" \/>\n<meta property=\"og:description\" content=\"&nbsp; First I am, Second I used to be, Mouton doesn\u2019t change This sentence perfectly sums up the story of this estate and the place it holds today alongside Bordeaux best wines. Mouton is the only estate to have been reclassified in 1855, benefitting from an outstanding \u2018terroir\u2019 blending gravel, stones and pebbles over its [&hellip;]\" \/>\n<meta property=\"og:url\" content=\"https:\/\/www.comptoirvignobles.com\/en\/collections\/mouton\/\" \/>\n<meta property=\"og:site_name\" content=\"Comptoir Des Vignobles\" \/>\n<meta property=\"article:publisher\" content=\"https:\/\/fr-fr.facebook.com\/ComptoirDesVignobles\/\" \/>\n<meta property=\"article:modified_time\" content=\"2020-05-21T13:53:18+00:00\" \/>\n<meta property=\"og:image\" content=\"http:\/\/www.comptoirvignobles.com\/dev\/wp-content\/uploads\/2016\/10\/bouteilles-mouton-logo-1.jpg\" \/>\n<meta name=\"author\" content=\"cdv\" \/>\n<meta name=\"twitter:card\" content=\"summary\" \/>\n<meta name=\"twitter:label1\" content=\"Est. reading time\" \/>\n\t<meta name=\"twitter:data1\" content=\"2 minutes\" \/>\n<script type=\"application\/ld+json\" class=\"yoast-schema-graph\">{\"@context\":\"https:\/\/schema.org\",\"@graph\":[{\"@type\":\"Organization\",\"@id\":\"https:\/\/www.comptoirvignobles.com\/#organization\",\"name\":\"Comptoir Des Vignobles\",\"url\":\"https:\/\/www.comptoirvignobles.com\/\",\"sameAs\":[\"https:\/\/fr-fr.facebook.com\/ComptoirDesVignobles\/\"],\"logo\":{\"@type\":\"ImageObject\",\"inLanguage\":\"en-US\",\"@id\":\"https:\/\/www.comptoirvignobles.com\/#\/schema\/logo\/image\/\",\"url\":\"http:\/\/www.comptoirvignobles.com\/wp-content\/uploads\/2016\/09\/logo.png\",\"contentUrl\":\"http:\/\/www.comptoirvignobles.com\/wp-content\/uploads\/2016\/09\/logo.png\",\"width\":478,\"height\":243,\"caption\":\"Comptoir Des Vignobles\"},\"image\":{\"@id\":\"https:\/\/www.comptoirvignobles.com\/#\/schema\/logo\/image\/\"}},{\"@type\":\"WebSite\",\"@id\":\"https:\/\/www.comptoirvignobles.com\/#website\",\"url\":\"https:\/\/www.comptoirvignobles.com\/\",\"name\":\"Comptoir Des Vignobles\",\"description\":\"N\u00e9gociant en vin fond\u00e9 en 1986 et caviste \u00e0 Saint-Emilion, sp\u00e9cialis\u00e9 dans les vieux mill\u00e9simes.\",\"publisher\":{\"@id\":\"https:\/\/www.comptoirvignobles.com\/#organization\"},\"potentialAction\":[{\"@type\":\"SearchAction\",\"target\":{\"@type\":\"EntryPoint\",\"urlTemplate\":\"https:\/\/www.comptoirvignobles.com\/?s={search_term_string}\"},\"query-input\":\"required name=search_term_string\"}],\"inLanguage\":\"en-US\"},{\"@type\":\"ImageObject\",\"inLanguage\":\"en-US\",\"@id\":\"https:\/\/www.comptoirvignobles.com\/en\/collections\/mouton\/#primaryimage\",\"url\":\"http:\/\/www.comptoirvignobles.com\/dev\/wp-content\/uploads\/2016\/10\/bouteilles-mouton-logo-1.jpg\",\"contentUrl\":\"http:\/\/www.comptoirvignobles.com\/dev\/wp-content\/uploads\/2016\/10\/bouteilles-mouton-logo-1.jpg\"},{\"@type\":\"WebPage\",\"@id\":\"https:\/\/www.comptoirvignobles.com\/en\/collections\/mouton\/#webpage\",\"url\":\"https:\/\/www.comptoirvignobles.com\/en\/collections\/mouton\/\",\"name\":\"Mouton - Comptoir Des Vignobles\",\"isPartOf\":{\"@id\":\"https:\/\/www.comptoirvignobles.com\/#website\"},\"primaryImageOfPage\":{\"@id\":\"https:\/\/www.comptoirvignobles.com\/en\/collections\/mouton\/#primaryimage\"},\"datePublished\":\"2016-10-05T18:39:35+00:00\",\"dateModified\":\"2020-05-21T13:53:18+00:00\",\"breadcrumb\":{\"@id\":\"https:\/\/www.comptoirvignobles.com\/en\/collections\/mouton\/#breadcrumb\"},\"inLanguage\":\"en-US\",\"potentialAction\":[{\"@type\":\"ReadAction\",\"target\":[\"https:\/\/www.comptoirvignobles.com\/en\/collections\/mouton\/\"]}]},{\"@type\":\"BreadcrumbList\",\"@id\":\"https:\/\/www.comptoirvignobles.com\/en\/collections\/mouton\/#breadcrumb\",\"itemListElement\":[{\"@type\":\"ListItem\",\"position\":1,\"name\":\"Home\",\"item\":\"https:\/\/www.comptoirvignobles.com\/en\/\"},{\"@type\":\"ListItem\",\"position\":2,\"name\":\"Collections\",\"item\":\"https:\/\/www.comptoirvignobles.com\/en\/collections\/\"},{\"@type\":\"ListItem\",\"position\":3,\"name\":\"Mouton\"}]}]}<\/script>\n<!-- \/ Yoast SEO plugin. -->","yoast_head_json":{"title":"Mouton - Comptoir Des Vignobles","robots":{"index":"index","follow":"follow","max-snippet":"max-snippet:-1","max-image-preview":"max-image-preview:large","max-video-preview":"max-video-preview:-1"},"canonical":"https:\/\/www.comptoirvignobles.com\/en\/collections\/mouton\/","og_locale":"en_US","og_type":"article","og_title":"Mouton - Comptoir Des Vignobles","og_description":"&nbsp; First I am, Second I used to be, Mouton doesn\u2019t change This sentence perfectly sums up the story of this estate and the place it holds today alongside Bordeaux best wines. Mouton is the only estate to have been reclassified in 1855, benefitting from an outstanding \u2018terroir\u2019 blending gravel, stones and pebbles over its [&hellip;]","og_url":"https:\/\/www.comptoirvignobles.com\/en\/collections\/mouton\/","og_site_name":"Comptoir Des Vignobles","article_publisher":"https:\/\/fr-fr.facebook.com\/ComptoirDesVignobles\/","article_modified_time":"2020-05-21T13:53:18+00:00","og_image":[{"url":"http:\/\/www.comptoirvignobles.com\/dev\/wp-content\/uploads\/2016\/10\/bouteilles-mouton-logo-1.jpg"}],"author":"cdv","twitter_card":"summary","twitter_misc":{"Est. reading time":"2 minutes"},"schema":{"@context":"https:\/\/schema.org","@graph":[{"@type":"Organization","@id":"https:\/\/www.comptoirvignobles.com\/#organization","name":"Comptoir Des Vignobles","url":"https:\/\/www.comptoirvignobles.com\/","sameAs":["https:\/\/fr-fr.facebook.com\/ComptoirDesVignobles\/"],"logo":{"@type":"ImageObject","inLanguage":"en-US","@id":"https:\/\/www.comptoirvignobles.com\/#\/schema\/logo\/image\/","url":"http:\/\/www.comptoirvignobles.com\/wp-content\/uploads\/2016\/09\/logo.png","contentUrl":"http:\/\/www.comptoirvignobles.com\/wp-content\/uploads\/2016\/09\/logo.png","width":478,"height":243,"caption":"Comptoir Des Vignobles"},"image":{"@id":"https:\/\/www.comptoirvignobles.com\/#\/schema\/logo\/image\/"}},{"@type":"WebSite","@id":"https:\/\/www.comptoirvignobles.com\/#website","url":"https:\/\/www.comptoirvignobles.com\/","name":"Comptoir Des Vignobles","description":"N\u00e9gociant en vin fond\u00e9 en 1986 et caviste \u00e0 Saint-Emilion, sp\u00e9cialis\u00e9 dans les vieux mill\u00e9simes.","publisher":{"@id":"https:\/\/www.comptoirvignobles.com\/#organization"},"potentialAction":[{"@type":"SearchAction","target":{"@type":"EntryPoint","urlTemplate":"https:\/\/www.comptoirvignobles.com\/?s={search_term_string}"},"query-input":"required name=search_term_string"}],"inLanguage":"en-US"},{"@type":"ImageObject","inLanguage":"en-US","@id":"https:\/\/www.comptoirvignobles.com\/en\/collections\/mouton\/#primaryimage","url":"http:\/\/www.comptoirvignobles.com\/dev\/wp-content\/uploads\/2016\/10\/bouteilles-mouton-logo-1.jpg","contentUrl":"http:\/\/www.comptoirvignobles.com\/dev\/wp-content\/uploads\/2016\/10\/bouteilles-mouton-logo-1.jpg"},{"@type":"WebPage","@id":"https:\/\/www.comptoirvignobles.com\/en\/collections\/mouton\/#webpage","url":"https:\/\/www.comptoirvignobles.com\/en\/collections\/mouton\/","name":"Mouton - Comptoir Des Vignobles","isPartOf":{"@id":"https:\/\/www.comptoirvignobles.com\/#website"},"primaryImageOfPage":{"@id":"https:\/\/www.comptoirvignobles.com\/en\/collections\/mouton\/#primaryimage"},"datePublished":"2016-10-05T18:39:35+00:00","dateModified":"2020-05-21T13:53:18+00:00","breadcrumb":{"@id":"https:\/\/www.comptoirvignobles.com\/en\/collections\/mouton\/#breadcrumb"},"inLanguage":"en-US","potentialAction":[{"@type":"ReadAction","target":["https:\/\/www.comptoirvignobles.com\/en\/collections\/mouton\/"]}]},{"@type":"BreadcrumbList","@id":"https:\/\/www.comptoirvignobles.com\/en\/collections\/mouton\/#breadcrumb","itemListElement":[{"@type":"ListItem","position":1,"name":"Home","item":"https:\/\/www.comptoirvignobles.com\/en\/"},{"@type":"ListItem","position":2,"name":"Collections","item":"https:\/\/www.comptoirvignobles.com\/en\/collections\/"},{"@type":"ListItem","position":3,"name":"Mouton"}]}]}},"_links":{"self":[{"href":"https:\/\/www.comptoirvignobles.com\/en\/wp-json\/wp\/v2\/pages\/556"}],"collection":[{"href":"https:\/\/www.comptoirvignobles.com\/en\/wp-json\/wp\/v2\/pages"}],"about":[{"href":"https:\/\/www.comptoirvignobles.com\/en\/wp-json\/wp\/v2\/types\/page"}],"author":[{"embeddable":true,"href":"https:\/\/www.comptoirvignobles.com\/en\/wp-json\/wp\/v2\/users\/1"}],"replies":[{"embeddable":true,"href":"https:\/\/www.comptoirvignobles.com\/en\/wp-json\/wp\/v2\/comments?post=556"}],"version-history":[{"count":3,"href":"https:\/\/www.comptoirvignobles.com\/en\/wp-json\/wp\/v2\/pages\/556\/revisions"}],"predecessor-version":[{"id":1496,"href":"https:\/\/www.comptoirvignobles.com\/en\/wp-json\/wp\/v2\/pages\/556\/revisions\/1496"}],"up":[{"embeddable":true,"href":"https:\/\/www.comptoirvignobles.com\/en\/wp-json\/wp\/v2\/pages\/555"}],"wp:attachment":[{"href":"https:\/\/www.comptoirvignobles.com\/en\/wp-json\/wp\/v2\/media?parent=556"}],"curies":[{"name":"wp","href":"https:\/\/api.w.org\/{rel}","templated":true}]}}