{"id":555,"date":"2016-09-08T16:33:46","date_gmt":"2016-09-08T14:33:46","guid":{"rendered":"http:\/\/www.comptoirvignobles.com\/dev\/en\/collections\/"},"modified":"2022-05-21T15:12:57","modified_gmt":"2022-05-21T13:12:57","slug":"collections","status":"publish","type":"page","link":"https:\/\/www.comptoirvignobles.com\/en\/collections\/","title":{"rendered":"Collections"},"content":{"rendered":"","protected":false},"excerpt":{"rendered":"","protected":false},"author":1,"featured_media":0,"parent":0,"menu_order":0,"comment_status":"closed","ping_status":"closed","template":"page-collections.php","meta":[],"yoast_head":"<!-- This site is optimized with the Yoast SEO plugin v19.2 - https:\/\/yoast.com\/wordpress\/plugins\/seo\/ -->\n<title>Collections - Comptoir Des Vignobles<\/title>\n<meta name=\"robots\" content=\"index, follow, max-snippet:-1, max-image-preview:large, max-video-preview:-1\" \/>\n<link rel=\"canonical\" href=\"https:\/\/www.comptoirvignobles.com\/en\/collections\/\" \/>\n<meta property=\"og:locale\" content=\"en_US\" \/>\n<meta property=\"og:type\" content=\"article\" \/>\n<meta property=\"og:title\" content=\"Collections - Comptoir Des Vignobles\" \/>\n<meta property=\"og:url\" content=\"https:\/\/www.comptoirvignobles.com\/en\/collections\/\" \/>\n<meta property=\"og:site_name\" content=\"Comptoir Des Vignobles\" \/>\n<meta property=\"article:publisher\" content=\"https:\/\/fr-fr.facebook.com\/ComptoirDesVignobles\/\" \/>\n<meta property=\"article:modified_time\" content=\"2022-05-21T13:12:57+00:00\" \/>\n<meta name=\"author\" content=\"cdv\" \/>\n<meta name=\"twitter:card\" content=\"summary\" \/>\n<script type=\"application\/ld+json\" class=\"yoast-schema-graph\">{\"@context\":\"https:\/\/schema.org\",\"@graph\":[{\"@type\":\"Organization\",\"@id\":\"https:\/\/www.comptoirvignobles.com\/#organization\",\"name\":\"Comptoir Des Vignobles\",\"url\":\"https:\/\/www.comptoirvignobles.com\/\",\"sameAs\":[\"https:\/\/fr-fr.facebook.com\/ComptoirDesVignobles\/\"],\"logo\":{\"@type\":\"ImageObject\",\"inLanguage\":\"en-US\",\"@id\":\"https:\/\/www.comptoirvignobles.com\/#\/schema\/logo\/image\/\",\"url\":\"http:\/\/www.comptoirvignobles.com\/wp-content\/uploads\/2016\/09\/logo.png\",\"contentUrl\":\"http:\/\/www.comptoirvignobles.com\/wp-content\/uploads\/2016\/09\/logo.png\",\"width\":478,\"height\":243,\"caption\":\"Comptoir Des Vignobles\"},\"image\":{\"@id\":\"https:\/\/www.comptoirvignobles.com\/#\/schema\/logo\/image\/\"}},{\"@type\":\"WebSite\",\"@id\":\"https:\/\/www.comptoirvignobles.com\/#website\",\"url\":\"https:\/\/www.comptoirvignobles.com\/\",\"name\":\"Comptoir Des Vignobles\",\"description\":\"N\u00e9gociant en vin fond\u00e9 en 1986 et caviste \u00e0 Saint-Emilion, sp\u00e9cialis\u00e9 dans les vieux mill\u00e9simes.\",\"publisher\":{\"@id\":\"https:\/\/www.comptoirvignobles.com\/#organization\"},\"potentialAction\":[{\"@type\":\"SearchAction\",\"target\":{\"@type\":\"EntryPoint\",\"urlTemplate\":\"https:\/\/www.comptoirvignobles.com\/?s={search_term_string}\"},\"query-input\":\"required name=search_term_string\"}],\"inLanguage\":\"en-US\"},{\"@type\":\"WebPage\",\"@id\":\"https:\/\/www.comptoirvignobles.com\/en\/collections\/#webpage\",\"url\":\"https:\/\/www.comptoirvignobles.com\/en\/collections\/\",\"name\":\"Collections - Comptoir Des Vignobles\",\"isPartOf\":{\"@id\":\"https:\/\/www.comptoirvignobles.com\/#website\"},\"datePublished\":\"2016-09-08T14:33:46+00:00\",\"dateModified\":\"2022-05-21T13:12:57+00:00\",\"breadcrumb\":{\"@id\":\"https:\/\/www.comptoirvignobles.com\/en\/collections\/#breadcrumb\"},\"inLanguage\":\"en-US\",\"potentialAction\":[{\"@type\":\"ReadAction\",\"target\":[\"https:\/\/www.comptoirvignobles.com\/en\/collections\/\"]}]},{\"@type\":\"BreadcrumbList\",\"@id\":\"https:\/\/www.comptoirvignobles.com\/en\/collections\/#breadcrumb\",\"itemListElement\":[{\"@type\":\"ListItem\",\"position\":1,\"name\":\"Home\",\"item\":\"https:\/\/www.comptoirvignobles.com\/en\/\"},{\"@type\":\"ListItem\",\"position\":2,\"name\":\"Collections\"}]}]}<\/script>\n<!-- \/ Yoast SEO plugin. -->","yoast_head_json":{"title":"Collections - Comptoir Des Vignobles","robots":{"index":"index","follow":"follow","max-snippet":"max-snippet:-1","max-image-preview":"max-image-preview:large","max-video-preview":"max-video-preview:-1"},"canonical":"https:\/\/www.comptoirvignobles.com\/en\/collections\/","og_locale":"en_US","og_type":"article","og_title":"Collections - Comptoir Des Vignobles","og_url":"https:\/\/www.comptoirvignobles.com\/en\/collections\/","og_site_name":"Comptoir Des Vignobles","article_publisher":"https:\/\/fr-fr.facebook.com\/ComptoirDesVignobles\/","article_modified_time":"2022-05-21T13:12:57+00:00","author":"cdv","twitter_card":"summary","schema":{"@context":"https:\/\/schema.org","@graph":[{"@type":"Organization","@id":"https:\/\/www.comptoirvignobles.com\/#organization","name":"Comptoir Des Vignobles","url":"https:\/\/www.comptoirvignobles.com\/","sameAs":["https:\/\/fr-fr.facebook.com\/ComptoirDesVignobles\/"],"logo":{"@type":"ImageObject","inLanguage":"en-US","@id":"https:\/\/www.comptoirvignobles.com\/#\/schema\/logo\/image\/","url":"http:\/\/www.comptoirvignobles.com\/wp-content\/uploads\/2016\/09\/logo.png","contentUrl":"http:\/\/www.comptoirvignobles.com\/wp-content\/uploads\/2016\/09\/logo.png","width":478,"height":243,"caption":"Comptoir Des Vignobles"},"image":{"@id":"https:\/\/www.comptoirvignobles.com\/#\/schema\/logo\/image\/"}},{"@type":"WebSite","@id":"https:\/\/www.comptoirvignobles.com\/#website","url":"https:\/\/www.comptoirvignobles.com\/","name":"Comptoir Des Vignobles","description":"N\u00e9gociant en vin fond\u00e9 en 1986 et caviste \u00e0 Saint-Emilion, sp\u00e9cialis\u00e9 dans les vieux mill\u00e9simes.","publisher":{"@id":"https:\/\/www.comptoirvignobles.com\/#organization"},"potentialAction":[{"@type":"SearchAction","target":{"@type":"EntryPoint","urlTemplate":"https:\/\/www.comptoirvignobles.com\/?s={search_term_string}"},"query-input":"required name=search_term_string"}],"inLanguage":"en-US"},{"@type":"WebPage","@id":"https:\/\/www.comptoirvignobles.com\/en\/collections\/#webpage","url":"https:\/\/www.comptoirvignobles.com\/en\/collections\/","name":"Collections - Comptoir Des Vignobles","isPartOf":{"@id":"https:\/\/www.comptoirvignobles.com\/#website"},"datePublished":"2016-09-08T14:33:46+00:00","dateModified":"2022-05-21T13:12:57+00:00","breadcrumb":{"@id":"https:\/\/www.comptoirvignobles.com\/en\/collections\/#breadcrumb"},"inLanguage":"en-US","potentialAction":[{"@type":"ReadAction","target":["https:\/\/www.comptoirvignobles.com\/en\/collections\/"]}]},{"@type":"BreadcrumbList","@id":"https:\/\/www.comptoirvignobles.com\/en\/collections\/#breadcrumb","itemListElement":[{"@type":"ListItem","position":1,"name":"Home","item":"https:\/\/www.comptoirvignobles.com\/en\/"},{"@type":"ListItem","position":2,"name":"Collections"}]}]}},"_links":{"self":[{"href":"https:\/\/www.comptoirvignobles.com\/en\/wp-json\/wp\/v2\/pages\/555"}],"collection":[{"href":"https:\/\/www.comptoirvignobles.com\/en\/wp-json\/wp\/v2\/pages"}],"about":[{"href":"https:\/\/www.comptoirvignobles.com\/en\/wp-json\/wp\/v2\/types\/page"}],"author":[{"embeddable":true,"href":"https:\/\/www.comptoirvignobles.com\/en\/wp-json\/wp\/v2\/users\/1"}],"replies":[{"embeddable":true,"href":"https:\/\/www.comptoirvignobles.com\/en\/wp-json\/wp\/v2\/comments?post=555"}],"version-history":[{"count":3,"href":"https:\/\/www.comptoirvignobles.com\/en\/wp-json\/wp\/v2\/pages\/555\/revisions"}],"predecessor-version":[{"id":1329,"href":"https:\/\/www.comptoirvignobles.com\/en\/wp-json\/wp\/v2\/pages\/555\/revisions\/1329"}],"wp:attachment":[{"href":"https:\/\/www.comptoirvignobles.com\/en\/wp-json\/wp\/v2\/media?parent=555"}],"curies":[{"name":"wp","href":"https:\/\/api.w.org\/{rel}","templated":true}]}}